{"id":130,"date":"2018-10-18T12:24:02","date_gmt":"2018-10-18T12:24:02","guid":{"rendered":"https:\/\/www.sivakkalava.fi\/?page_id=130"},"modified":"2018-10-18T12:37:29","modified_gmt":"2018-10-18T12:37:29","slug":"tietosuojaseloste","status":"publish","type":"page","link":"https:\/\/www.sivakkalava.fi\/?page_id=130","title":{"rendered":"Tietosuojaseloste"},"content":{"rendered":"<h1>Sivakkalava Oy:n tietosuojaseloste<\/h1>\n<p>Sivakkalava Oy on sitoutunut pit\u00e4m\u00e4\u00e4n henkil\u00f6tietosi turvassa.\u00a0T\u00e4ss\u00e4 tietosuojaselosteessa kuvataan, miten Sivakkalava Oy ker\u00e4\u00e4, k\u00e4ytt\u00e4\u00e4, s\u00e4ilytt\u00e4\u00e4 ja suojaa henkil\u00f6tietojasi. Rekisterinpit\u00e4j\u00e4n\u00e4 toimii Sivakkalava Oy, jonka tiedot l\u00f6yd\u00e4t tietosuojaselosteen lopusta. T\u00e4ss\u00e4 tietosuojaselosteessa tarkoitamme rekister\u00f6idyll\u00e4 henkil\u00f6ll\u00e4 sit\u00e4 luonnollista henkil\u00f6\u00e4, johon ker\u00e4tyt henkil\u00f6tiedot liittyv\u00e4t.<\/p>\n<p><strong>T\u00e4m\u00e4 tietosuojaseloste sis\u00e4lt\u00e4\u00e4:<\/strong><br \/>\n1. Mit\u00e4 henkil\u00f6tietoja Sivakkalava Oy ker\u00e4\u00e4<br \/>\n2. Miten henkil\u00f6tietojasi voidaan k\u00e4ytt\u00e4\u00e4 ja mill\u00e4 oikeusperusteella<br \/>\n3. Kenelle Sivakkalava Oy voi luovuttaa henkil\u00f6tietojasi<br \/>\n4. Miten Sivakkalava Oy suojaa henkil\u00f6tietosi<br \/>\n5. Miten kauan Sivakkalava Oy s\u00e4ilytt\u00e4\u00e4 henkil\u00f6tietojasi<br \/>\n6. Rekisterinpit\u00e4j\u00e4n yhteystiedot<\/p>\n<p><strong>1. Mit\u00e4 henkil\u00f6tietoja Sivakkalava Oy ker\u00e4\u00e4<\/strong><br \/>\nHenkil\u00f6tietoja ker\u00e4t\u00e4\u00e4n suoraan rekister\u00f6idyilt\u00e4 henkil\u00f6ilt\u00e4. Ker\u00e4\u00e4mme seuraavanlaisia tietoja:<\/p>\n<ul>\n<li>tuntemustiedot: Nimi<\/li>\n<li>yhteystiedot: Osoite, puhelinnumero, s\u00e4hk\u00f6postiosoite<\/li>\n<li>maksuyhteystiedot: Pankki ja pankkitili<\/li>\n<\/ul>\n<p><strong>2. Miten henkil\u00f6tietojasi voidaan k\u00e4ytt\u00e4\u00e4 ja mill\u00e4 oikeusperusteella<\/strong><br \/>\nK\u00e4yt\u00e4mme henkil\u00f6tietojasi, jotta voimme t\u00e4ytt\u00e4\u00e4 lakis\u00e4\u00e4teiset velvollisuutemme ja voimme pit\u00e4\u00e4 teihin tarvittaessa yhteytt\u00e4.<\/p>\n<p>Emme k\u00e4yt\u00e4 ker\u00e4\u00e4mi\u00e4mme tietoja markkinointitarkoituksiin.<\/p>\n<p><strong>3. Kenelle Sivakkalava Oy voi luovuttaa henkil\u00f6tietojasi<\/strong><br \/>\nSivakkalava Oy voi luovuttaa henkil\u00f6tietojasi (tuntemus-, yhteys- ja maksuyhteystiedot) IF ja VARMA-vakuutusyhti\u00f6lle, ty\u00f6terveydenhuollon Terveyspalveluun Verso sek\u00e4 Tilipalvelu Niskanen tilitoimiston palkanlaskijalle .<\/p>\n<p><strong>4. Miten Sivakkalava Oy suojaa henkil\u00f6tietosi<\/strong><br \/>\nSivakkalava Oy:lla on k\u00e4yt\u00f6ss\u00e4\u00e4n tarvittavat tekniset ja hallintoon liittyv\u00e4t turvallisuusmenettelyt, jotta ker\u00e4\u00e4m\u00e4mme henkil\u00f6tiedot ovat asianmukaisesti suojattu katoamisen, v\u00e4\u00e4rink\u00e4yt\u00f6n, luvattoman k\u00e4yt\u00f6n, luovuttamisen, muutosten ja tuhoamisen varalle. Digitaalinen tieto on tallennettu osakeyhti\u00f6n sis\u00e4iselle verkkoasemalle, jonne on rajoitetut k\u00e4ytt\u00f6oikeudet niill\u00e4 yhti\u00f6n vakinaisilla ty\u00f6ntekij\u00f6ill\u00e4, jotka vastaavat Sivakkalava Oy:n ty\u00f6ntekij\u00f6iden henkil\u00f6tietojen k\u00e4sittelyst\u00e4.\u00a0Paperinen aineisto on arkistoitu yhti\u00f6n lukolliseen toimistoon.<\/p>\n<p><strong>5. Miten kauan Sivakkalava Oy s\u00e4ilytt\u00e4\u00e4 henkil\u00f6tietojasi<\/strong><br \/>\nHenkil\u00f6tietoja ker\u00e4t\u00e4\u00e4n aina ty\u00f6sopimuksen t\u00e4ytt\u00e4misen yhteydess\u00e4.\u00a0S\u00e4ilyt\u00e4mme tietoja niin kauan kuin niit\u00e4 tarvitaan siihen tarkoitukseen, jota varten ne on ker\u00e4tty ja k\u00e4sitelty tai kuin tietojen s\u00e4ilytt\u00e4miseen on m\u00e4\u00e4r\u00e4tty laissa ja asetuksissa. S\u00e4ilytysvelvollisuuden tai -tarpeen p\u00e4\u00e4tytty\u00e4 h\u00e4vit\u00e4mme aineistot asianmukaisesti.<\/p>\n<p><strong>6. Rekisterinpit\u00e4j\u00e4n yhteystiedot<\/strong><br \/>\nT\u00e4h\u00e4n tietosuojaselosteeseen liittyvi\u00e4 henkil\u00f6tietorekisteri\u00e4 pit\u00e4\u00e4 yll\u00e4<\/p>\n<p>Sivakkalava Oy<br \/>\nY-tunnus: 0938713-3<\/p>\n<p>Puhdistamontie 1<br \/>\n73500 Juankoski<\/p>\n<p>Yhteyshenkil\u00f6:<br \/>\nPekka Parviainen, toimitusjohtaja<br \/>\npuhelin 040 5835682<\/p>\n","protected":false},"excerpt":{"rendered":"<p>Sivakkalava Oy:n tietosuojaseloste Sivakkalava Oy on sitoutunut pit\u00e4m\u00e4\u00e4n henkil\u00f6tietosi turvassa.\u00a0T\u00e4ss\u00e4 tietosuojaselosteessa kuvataan, miten Sivakkalava Oy ker\u00e4\u00e4, k\u00e4ytt\u00e4\u00e4, s\u00e4ilytt\u00e4\u00e4 ja suojaa henkil\u00f6tietojasi. Rekisterinpit\u00e4j\u00e4n\u00e4 toimii Sivakkalava Oy, jonka tiedot l\u00f6yd\u00e4t tietosuojaselosteen lopusta. T\u00e4ss\u00e4 tietosuojaselosteessa tarkoitamme rekister\u00f6idyll\u00e4 henkil\u00f6ll\u00e4 sit\u00e4 luonnollista henkil\u00f6\u00e4, johon ker\u00e4tyt henkil\u00f6tiedot liittyv\u00e4t. T\u00e4m\u00e4 tietosuojaseloste sis\u00e4lt\u00e4\u00e4: 1. Mit\u00e4 henkil\u00f6tietoja Sivakkalava Oy ker\u00e4\u00e4 2. Miten henkil\u00f6tietojasi voidaan&#8230;<\/p>\n<p class=\"more-link\"><a href=\"https:\/\/www.sivakkalava.fi\/?page_id=130\" class=\"themebutton3\">Read More<\/a><\/p>\n","protected":false},"author":1,"featured_media":0,"parent":0,"menu_order":0,"comment_status":"closed","ping_status":"closed","template":"","meta":[],"_links":{"self":[{"href":"https:\/\/www.sivakkalava.fi\/index.php?rest_route=\/wp\/v2\/pages\/130"}],"collection":[{"href":"https:\/\/www.sivakkalava.fi\/index.php?rest_route=\/wp\/v2\/pages"}],"about":[{"href":"https:\/\/www.sivakkalava.fi\/index.php?rest_route=\/wp\/v2\/types\/page"}],"author":[{"embeddable":true,"href":"https:\/\/www.sivakkalava.fi\/index.php?rest_route=\/wp\/v2\/users\/1"}],"replies":[{"embeddable":true,"href":"https:\/\/www.sivakkalava.fi\/index.php?rest_route=%2Fwp%2Fv2%2Fcomments&post=130"}],"version-history":[{"count":5,"href":"https:\/\/www.sivakkalava.fi\/index.php?rest_route=\/wp\/v2\/pages\/130\/revisions"}],"predecessor-version":[{"id":135,"href":"https:\/\/www.sivakkalava.fi\/index.php?rest_route=\/wp\/v2\/pages\/130\/revisions\/135"}],"wp:attachment":[{"href":"https:\/\/www.sivakkalava.fi\/index.php?rest_route=%2Fwp%2Fv2%2Fmedia&parent=130"}],"curies":[{"name":"wp","href":"https:\/\/api.w.org\/{rel}","templated":true}]}}