{"id":8,"date":"2018-09-11T11:52:54","date_gmt":"2018-09-11T11:52:54","guid":{"rendered":"https:\/\/sivakkalavafi.test.cchosting.fi\/?page_id=8"},"modified":"2020-04-22T14:33:05","modified_gmt":"2020-04-22T14:33:05","slug":"tuotteet","status":"publish","type":"page","link":"https:\/\/www.sivakkalava.fi\/?page_id=8","title":{"rendered":"Tuotteet"},"content":{"rendered":"<h1>Tuotteet<\/h1>\n<h3>Uudet kuormalavat<\/h3>\n<p>Sivakkalava Oy valmistaa, myy ja jakelee uusia kerta-, erikois- ja standardikuormalavoja. Valikoimastamme l\u00f6ytyv\u00e4t yleisimm\u00e4t teollisuuden ja kaupan k\u00e4ytt\u00e4m\u00e4t dimensiot sek\u00e4 asiakaskohtaiset tuotteet.\u00a0Lavat valmistetaan tehokkailla automaattilinjoilla Juankoskella.\u00a0Erikoislavalinjoiltamme valmistuu monipuolisia kuormalavoja pienist\u00e4 suuriin sarjoihin. IPPC \/ ISPM-15 -leimattuja kuormalavojamme voidaan k\u00e4ytt\u00e4\u00e4 vientilogistiikassa. Lis\u00e4tietoja kuormalavoista saat myynnist\u00e4mme.<\/p>\n<p>L\u00e4mp\u00f6k\u00e4sittelylupa\u00a0<a href=\"https:\/\/www.sivakkalava.fi\/wp-content\/uploads\/2020\/04\/FI-54313.pdf\" target=\"_blank\" rel=\"noopener noreferrer\"><span style=\"color: #1658de;\"><strong>FI-54313<\/strong><\/span><\/a> (PDF).<\/p>\n<h3>Puupakkaustuotteet<\/h3>\n<p>Valmistamme puu- ja vanerilaatikoita asiakkaan mittojen mukaan.<\/p>\n<h3>K\u00e4ytetyt kuormalavat<\/h3>\n<p>Meilt\u00e4 saatte EUR- ja FIN-standardien mukaiset k\u00e4ytetyt sek\u00e4 kertak\u00e4ytt\u00f6iset kuormalavat. Lajittelemme k\u00e4ytetyt kuormalavat asiakkaan vaatimusten mukaisesti.<\/p>\n<h3>Lavakannet ja -kaulukset<\/h3>\n<p><strong>Lavakannet<\/strong><br \/>\nValmistamme puiset, vaneriset ja muut kuormalavakannet asiakkaan vaatimusten mukaisesti.<\/p>\n<p><strong>Lavakaulukset<\/strong><br \/>\nToimitamme standardikuormalavakauluksia (600&#215;800, 800&#215;1200 ja 1000&#215;1200 mm). Saatavana on my\u00f6s erikoiskokoja. Kaikki kaulusmallit voidaan poltto- tai musteleimata asiakkaan omalla logolla tai nimell\u00e4.<\/p>\n<p><strong>Galleria<\/strong><\/p>\n\t\t\t\t\t\t<div class=\"gallery_box_single\">\n\t\t\t\t\t\t\t\t\t\t\t\t\t\t\t<div class=\"gallery gllr_grid\" data-gllr-columns=\"5\" data-gllr-border-width=\"6\">\n\t\t\t\t\t\t\t\t\t\t\t\t\t\t\t\t\t\t\t\t<div class=\"gllr_image_row\">\n\t\t\t\t\t\t\t\t\t\t\t\t\t\t\t\t\t\t\t\t\t<div class=\"gllr_image_block\">\n\t\t\t\t\t\t\t\t\t\t\t\t<p style=\"\n\t\t\t\t\t\t\t\t\t\t\t\twidth:162px;height:162px;\t\t\t\t\t\t\t\t\t\t\t\t\">\n\t\t\t\t\t\t\t\t\t\t\t\t\t\t\t\t\t\t\t\t\t\t\t\t\t\t\t\t<a data-fancybox=\"gallery_fancybox_103\" href=\"https:\/\/www.sivakkalava.fi\/wp-content\/uploads\/2018\/10\/galleria14.jpg\" title=\"\" >\n\t\t\t\t\t\t\t\t\t\t\t\t\t\t\t\t<img width=&quot;150&quot; height=&quot;150&quot; style=\"width:150px; height:150px; border-width: 6px; border-color:#F1F1F1;border: 6px solid #F1F1F1\" alt=\"\" title=\"\" src=\"https:\/\/www.sivakkalava.fi\/wp-content\/uploads\/2018\/10\/galleria14-150x150.jpg\" rel=\"https:\/\/www.sivakkalava.fi\/wp-content\/uploads\/2018\/10\/galleria14.jpg\" \/>\t\t\t\t\t\t\t\t\t\t\t\t\t\t\t<\/a>\n\t\t\t\t\t\t\t\t\t\t\t\t\t\t\t\t\t\t\t\t\t\t\t\t\t\t<\/p>\n\t\t\t\t\t\t\t\t\t\t\t\t\t\t\t\t\t\t\t\t\t\t\t<\/div><!-- .gllr_image_block -->\n\t\t\t\t\t\t\t\t\t\t\t\t\t\t\t\t\t\t\t\t\t<div class=\"gllr_image_block\">\n\t\t\t\t\t\t\t\t\t\t\t\t<p style=\"\n\t\t\t\t\t\t\t\t\t\t\t\twidth:162px;height:162px;\t\t\t\t\t\t\t\t\t\t\t\t\">\n\t\t\t\t\t\t\t\t\t\t\t\t\t\t\t\t\t\t\t\t\t\t\t\t\t\t\t\t<a data-fancybox=\"gallery_fancybox_103\" href=\"https:\/\/www.sivakkalava.fi\/wp-content\/uploads\/2018\/10\/galleria13.jpg\" title=\"\" >\n\t\t\t\t\t\t\t\t\t\t\t\t\t\t\t\t<img width=&quot;150&quot; height=&quot;150&quot; style=\"width:150px; height:150px; border-width: 6px; border-color:#F1F1F1;border: 6px solid #F1F1F1\" alt=\"\" title=\"\" src=\"https:\/\/www.sivakkalava.fi\/wp-content\/uploads\/2018\/10\/galleria13-150x150.jpg\" rel=\"https:\/\/www.sivakkalava.fi\/wp-content\/uploads\/2018\/10\/galleria13.jpg\" \/>\t\t\t\t\t\t\t\t\t\t\t\t\t\t\t<\/a>\n\t\t\t\t\t\t\t\t\t\t\t\t\t\t\t\t\t\t\t\t\t\t\t\t\t\t<\/p>\n\t\t\t\t\t\t\t\t\t\t\t\t\t\t\t\t\t\t\t\t\t\t\t<\/div><!-- .gllr_image_block -->\n\t\t\t\t\t\t\t\t\t\t\t\t\t\t\t\t\t\t\t\t\t<div class=\"gllr_image_block\">\n\t\t\t\t\t\t\t\t\t\t\t\t<p style=\"\n\t\t\t\t\t\t\t\t\t\t\t\twidth:162px;height:162px;\t\t\t\t\t\t\t\t\t\t\t\t\">\n\t\t\t\t\t\t\t\t\t\t\t\t\t\t\t\t\t\t\t\t\t\t\t\t\t\t\t\t<a data-fancybox=\"gallery_fancybox_103\" href=\"https:\/\/www.sivakkalava.fi\/wp-content\/uploads\/2018\/10\/galleria11-1024x768.jpg\" title=\"\" >\n\t\t\t\t\t\t\t\t\t\t\t\t\t\t\t\t<img width=&quot;150&quot; height=&quot;150&quot; style=\"width:150px; height:150px; border-width: 6px; border-color:#F1F1F1;border: 6px solid #F1F1F1\" alt=\"\" title=\"\" src=\"https:\/\/www.sivakkalava.fi\/wp-content\/uploads\/2018\/10\/galleria11-150x150.jpg\" rel=\"https:\/\/www.sivakkalava.fi\/wp-content\/uploads\/2018\/10\/galleria11.jpg\" \/>\t\t\t\t\t\t\t\t\t\t\t\t\t\t\t<\/a>\n\t\t\t\t\t\t\t\t\t\t\t\t\t\t\t\t\t\t\t\t\t\t\t\t\t\t<\/p>\n\t\t\t\t\t\t\t\t\t\t\t\t\t\t\t\t\t\t\t\t\t\t\t<\/div><!-- .gllr_image_block -->\n\t\t\t\t\t\t\t\t\t\t\t\t\t\t\t\t\t\t\t\t\t<div class=\"gllr_image_block\">\n\t\t\t\t\t\t\t\t\t\t\t\t<p style=\"\n\t\t\t\t\t\t\t\t\t\t\t\twidth:162px;height:162px;\t\t\t\t\t\t\t\t\t\t\t\t\">\n\t\t\t\t\t\t\t\t\t\t\t\t\t\t\t\t\t\t\t\t\t\t\t\t\t\t\t\t<a data-fancybox=\"gallery_fancybox_103\" href=\"https:\/\/www.sivakkalava.fi\/wp-content\/uploads\/2018\/10\/galleria12.jpg\" title=\"\" >\n\t\t\t\t\t\t\t\t\t\t\t\t\t\t\t\t<img width=&quot;150&quot; height=&quot;150&quot; style=\"width:150px; height:150px; border-width: 6px; border-color:#F1F1F1;border: 6px solid #F1F1F1\" alt=\"\" title=\"\" src=\"https:\/\/www.sivakkalava.fi\/wp-content\/uploads\/2018\/10\/galleria12-150x150.jpg\" rel=\"https:\/\/www.sivakkalava.fi\/wp-content\/uploads\/2018\/10\/galleria12.jpg\" \/>\t\t\t\t\t\t\t\t\t\t\t\t\t\t\t<\/a>\n\t\t\t\t\t\t\t\t\t\t\t\t\t\t\t\t\t\t\t\t\t\t\t\t\t\t<\/p>\n\t\t\t\t\t\t\t\t\t\t\t\t\t\t\t\t\t\t\t\t\t\t\t<\/div><!-- .gllr_image_block -->\n\t\t\t\t\t\t\t\t\t\t\t\t\t\t\t\t\t\t\t\t\t<div class=\"gllr_image_block\">\n\t\t\t\t\t\t\t\t\t\t\t\t<p style=\"\n\t\t\t\t\t\t\t\t\t\t\t\twidth:162px;height:162px;\t\t\t\t\t\t\t\t\t\t\t\t\">\n\t\t\t\t\t\t\t\t\t\t\t\t\t\t\t\t\t\t\t\t\t\t\t\t\t\t\t\t<a data-fancybox=\"gallery_fancybox_103\" href=\"https:\/\/www.sivakkalava.fi\/wp-content\/uploads\/2018\/10\/galleria10-1024x768.jpg\" title=\"\" >\n\t\t\t\t\t\t\t\t\t\t\t\t\t\t\t\t<img width=&quot;150&quot; height=&quot;150&quot; style=\"width:150px; height:150px; border-width: 6px; border-color:#F1F1F1;border: 6px solid #F1F1F1\" alt=\"\" title=\"\" src=\"https:\/\/www.sivakkalava.fi\/wp-content\/uploads\/2018\/10\/galleria10-150x150.jpg\" rel=\"https:\/\/www.sivakkalava.fi\/wp-content\/uploads\/2018\/10\/galleria10.jpg\" \/>\t\t\t\t\t\t\t\t\t\t\t\t\t\t\t<\/a>\n\t\t\t\t\t\t\t\t\t\t\t\t\t\t\t\t\t\t\t\t\t\t\t\t\t\t<\/p>\n\t\t\t\t\t\t\t\t\t\t\t\t\t\t\t\t\t\t\t\t\t\t\t<\/div><!-- .gllr_image_block -->\n\t\t\t\t\t\t\t\t\t\t\t\t\t\t\t\t\t\t\t\t\t<\/div><!-- .gllr_image_row -->\n\t\t\t\t\t\t\t\t\t\t\t\t\t\t\t\t\t\t\t\t\t\t<div class=\"gllr_image_row\">\n\t\t\t\t\t\t\t\t\t\t\t\t\t\t\t\t\t\t\t\t\t<div class=\"gllr_image_block\">\n\t\t\t\t\t\t\t\t\t\t\t\t<p style=\"\n\t\t\t\t\t\t\t\t\t\t\t\twidth:162px;height:162px;\t\t\t\t\t\t\t\t\t\t\t\t\">\n\t\t\t\t\t\t\t\t\t\t\t\t\t\t\t\t\t\t\t\t\t\t\t\t\t\t\t\t<a data-fancybox=\"gallery_fancybox_103\" href=\"https:\/\/www.sivakkalava.fi\/wp-content\/uploads\/2018\/10\/galleria8-1024x768.jpg\" title=\"\" >\n\t\t\t\t\t\t\t\t\t\t\t\t\t\t\t\t<img width=&quot;150&quot; height=&quot;150&quot; style=\"width:150px; height:150px; border-width: 6px; border-color:#F1F1F1;border: 6px solid #F1F1F1\" alt=\"\" title=\"\" src=\"https:\/\/www.sivakkalava.fi\/wp-content\/uploads\/2018\/10\/galleria8-150x150.jpg\" rel=\"https:\/\/www.sivakkalava.fi\/wp-content\/uploads\/2018\/10\/galleria8.jpg\" \/>\t\t\t\t\t\t\t\t\t\t\t\t\t\t\t<\/a>\n\t\t\t\t\t\t\t\t\t\t\t\t\t\t\t\t\t\t\t\t\t\t\t\t\t\t<\/p>\n\t\t\t\t\t\t\t\t\t\t\t\t\t\t\t\t\t\t\t\t\t\t\t<\/div><!-- .gllr_image_block -->\n\t\t\t\t\t\t\t\t\t\t\t\t\t\t\t\t\t\t\t\t\t<div class=\"gllr_image_block\">\n\t\t\t\t\t\t\t\t\t\t\t\t<p style=\"\n\t\t\t\t\t\t\t\t\t\t\t\twidth:162px;height:162px;\t\t\t\t\t\t\t\t\t\t\t\t\">\n\t\t\t\t\t\t\t\t\t\t\t\t\t\t\t\t\t\t\t\t\t\t\t\t\t\t\t\t<a data-fancybox=\"gallery_fancybox_103\" href=\"https:\/\/www.sivakkalava.fi\/wp-content\/uploads\/2018\/10\/galleria9-1024x768.jpg\" title=\"\" >\n\t\t\t\t\t\t\t\t\t\t\t\t\t\t\t\t<img width=&quot;150&quot; height=&quot;150&quot; style=\"width:150px; height:150px; border-width: 6px; border-color:#F1F1F1;border: 6px solid #F1F1F1\" alt=\"\" title=\"\" src=\"https:\/\/www.sivakkalava.fi\/wp-content\/uploads\/2018\/10\/galleria9-150x150.jpg\" rel=\"https:\/\/www.sivakkalava.fi\/wp-content\/uploads\/2018\/10\/galleria9.jpg\" \/>\t\t\t\t\t\t\t\t\t\t\t\t\t\t\t<\/a>\n\t\t\t\t\t\t\t\t\t\t\t\t\t\t\t\t\t\t\t\t\t\t\t\t\t\t<\/p>\n\t\t\t\t\t\t\t\t\t\t\t\t\t\t\t\t\t\t\t\t\t\t\t<\/div><!-- .gllr_image_block -->\n\t\t\t\t\t\t\t\t\t\t\t\t\t\t\t\t\t\t\t\t\t<div class=\"gllr_image_block\">\n\t\t\t\t\t\t\t\t\t\t\t\t<p style=\"\n\t\t\t\t\t\t\t\t\t\t\t\twidth:162px;height:162px;\t\t\t\t\t\t\t\t\t\t\t\t\">\n\t\t\t\t\t\t\t\t\t\t\t\t\t\t\t\t\t\t\t\t\t\t\t\t\t\t\t\t<a data-fancybox=\"gallery_fancybox_103\" href=\"https:\/\/www.sivakkalava.fi\/wp-content\/uploads\/2018\/10\/galleria1-1024x768.jpg\" title=\"\" >\n\t\t\t\t\t\t\t\t\t\t\t\t\t\t\t\t<img width=&quot;150&quot; height=&quot;150&quot; style=\"width:150px; height:150px; border-width: 6px; border-color:#F1F1F1;border: 6px solid #F1F1F1\" alt=\"\" title=\"\" src=\"https:\/\/www.sivakkalava.fi\/wp-content\/uploads\/2018\/10\/galleria1-150x150.jpg\" rel=\"https:\/\/www.sivakkalava.fi\/wp-content\/uploads\/2018\/10\/galleria1.jpg\" \/>\t\t\t\t\t\t\t\t\t\t\t\t\t\t\t<\/a>\n\t\t\t\t\t\t\t\t\t\t\t\t\t\t\t\t\t\t\t\t\t\t\t\t\t\t<\/p>\n\t\t\t\t\t\t\t\t\t\t\t\t\t\t\t\t\t\t\t\t\t\t\t<\/div><!-- .gllr_image_block -->\n\t\t\t\t\t\t\t\t\t\t\t\t\t\t\t\t\t\t\t\t\t<div class=\"gllr_image_block\">\n\t\t\t\t\t\t\t\t\t\t\t\t<p style=\"\n\t\t\t\t\t\t\t\t\t\t\t\twidth:162px;height:162px;\t\t\t\t\t\t\t\t\t\t\t\t\">\n\t\t\t\t\t\t\t\t\t\t\t\t\t\t\t\t\t\t\t\t\t\t\t\t\t\t\t\t<a data-fancybox=\"gallery_fancybox_103\" href=\"https:\/\/www.sivakkalava.fi\/wp-content\/uploads\/2018\/10\/galleria2-1024x768.jpg\" title=\"\" >\n\t\t\t\t\t\t\t\t\t\t\t\t\t\t\t\t<img width=&quot;150&quot; height=&quot;150&quot; style=\"width:150px; height:150px; border-width: 6px; border-color:#F1F1F1;border: 6px solid #F1F1F1\" alt=\"\" title=\"\" src=\"https:\/\/www.sivakkalava.fi\/wp-content\/uploads\/2018\/10\/galleria2-150x150.jpg\" rel=\"https:\/\/www.sivakkalava.fi\/wp-content\/uploads\/2018\/10\/galleria2.jpg\" \/>\t\t\t\t\t\t\t\t\t\t\t\t\t\t\t<\/a>\n\t\t\t\t\t\t\t\t\t\t\t\t\t\t\t\t\t\t\t\t\t\t\t\t\t\t<\/p>\n\t\t\t\t\t\t\t\t\t\t\t\t\t\t\t\t\t\t\t\t\t\t\t<\/div><!-- .gllr_image_block -->\n\t\t\t\t\t\t\t\t\t\t\t\t\t\t\t\t\t\t\t\t\t<div class=\"gllr_image_block\">\n\t\t\t\t\t\t\t\t\t\t\t\t<p style=\"\n\t\t\t\t\t\t\t\t\t\t\t\twidth:162px;height:162px;\t\t\t\t\t\t\t\t\t\t\t\t\">\n\t\t\t\t\t\t\t\t\t\t\t\t\t\t\t\t\t\t\t\t\t\t\t\t\t\t\t\t<a data-fancybox=\"gallery_fancybox_103\" href=\"https:\/\/www.sivakkalava.fi\/wp-content\/uploads\/2018\/10\/galleria6.jpg\" title=\"\" >\n\t\t\t\t\t\t\t\t\t\t\t\t\t\t\t\t<img width=&quot;150&quot; height=&quot;150&quot; style=\"width:150px; height:150px; border-width: 6px; border-color:#F1F1F1;border: 6px solid #F1F1F1\" alt=\"\" title=\"\" src=\"https:\/\/www.sivakkalava.fi\/wp-content\/uploads\/2018\/10\/galleria6-150x150.jpg\" rel=\"https:\/\/www.sivakkalava.fi\/wp-content\/uploads\/2018\/10\/galleria6.jpg\" \/>\t\t\t\t\t\t\t\t\t\t\t\t\t\t\t<\/a>\n\t\t\t\t\t\t\t\t\t\t\t\t\t\t\t\t\t\t\t\t\t\t\t\t\t\t<\/p>\n\t\t\t\t\t\t\t\t\t\t\t\t\t\t\t\t\t\t\t\t\t\t\t<\/div><!-- .gllr_image_block -->\n\t\t\t\t\t\t\t\t\t\t\t\t\t\t\t\t\t\t\t\t\t<\/div><!-- .gllr_image_row -->\n\t\t\t\t\t\t\t\t\t\t\t\t\t\t\t\t\t\t\t\t\t\t<div class=\"gllr_image_row\">\n\t\t\t\t\t\t\t\t\t\t\t\t\t\t\t\t\t\t\t\t\t<div class=\"gllr_image_block\">\n\t\t\t\t\t\t\t\t\t\t\t\t<p style=\"\n\t\t\t\t\t\t\t\t\t\t\t\twidth:162px;height:162px;\t\t\t\t\t\t\t\t\t\t\t\t\">\n\t\t\t\t\t\t\t\t\t\t\t\t\t\t\t\t\t\t\t\t\t\t\t\t\t\t\t\t<a data-fancybox=\"gallery_fancybox_103\" href=\"https:\/\/www.sivakkalava.fi\/wp-content\/uploads\/2018\/10\/galleria3-1024x768.jpg\" title=\"\" >\n\t\t\t\t\t\t\t\t\t\t\t\t\t\t\t\t<img width=&quot;150&quot; height=&quot;150&quot; style=\"width:150px; height:150px; border-width: 6px; border-color:#F1F1F1;border: 6px solid #F1F1F1\" alt=\"\" title=\"\" src=\"https:\/\/www.sivakkalava.fi\/wp-content\/uploads\/2018\/10\/galleria3-150x150.jpg\" rel=\"https:\/\/www.sivakkalava.fi\/wp-content\/uploads\/2018\/10\/galleria3.jpg\" \/>\t\t\t\t\t\t\t\t\t\t\t\t\t\t\t<\/a>\n\t\t\t\t\t\t\t\t\t\t\t\t\t\t\t\t\t\t\t\t\t\t\t\t\t\t<\/p>\n\t\t\t\t\t\t\t\t\t\t\t\t\t\t\t\t\t\t\t\t\t\t\t<\/div><!-- .gllr_image_block -->\n\t\t\t\t\t\t\t\t\t\t\t\t\t\t\t\t\t\t\t\t\t<div class=\"gllr_image_block\">\n\t\t\t\t\t\t\t\t\t\t\t\t<p style=\"\n\t\t\t\t\t\t\t\t\t\t\t\twidth:162px;height:162px;\t\t\t\t\t\t\t\t\t\t\t\t\">\n\t\t\t\t\t\t\t\t\t\t\t\t\t\t\t\t\t\t\t\t\t\t\t\t\t\t\t\t<a data-fancybox=\"gallery_fancybox_103\" href=\"https:\/\/www.sivakkalava.fi\/wp-content\/uploads\/2018\/10\/galleria7.jpg\" title=\"\" >\n\t\t\t\t\t\t\t\t\t\t\t\t\t\t\t\t<img width=&quot;150&quot; height=&quot;150&quot; style=\"width:150px; height:150px; border-width: 6px; border-color:#F1F1F1;border: 6px solid #F1F1F1\" alt=\"\" title=\"\" src=\"https:\/\/www.sivakkalava.fi\/wp-content\/uploads\/2018\/10\/galleria7-150x150.jpg\" rel=\"https:\/\/www.sivakkalava.fi\/wp-content\/uploads\/2018\/10\/galleria7.jpg\" \/>\t\t\t\t\t\t\t\t\t\t\t\t\t\t\t<\/a>\n\t\t\t\t\t\t\t\t\t\t\t\t\t\t\t\t\t\t\t\t\t\t\t\t\t\t<\/p>\n\t\t\t\t\t\t\t\t\t\t\t\t\t\t\t\t\t\t\t\t\t\t\t<\/div><!-- .gllr_image_block -->\n\t\t\t\t\t\t\t\t\t\t\t\t\t\t\t\t\t\t\t\t\t<div class=\"gllr_image_block\">\n\t\t\t\t\t\t\t\t\t\t\t\t<p style=\"\n\t\t\t\t\t\t\t\t\t\t\t\twidth:162px;height:162px;\t\t\t\t\t\t\t\t\t\t\t\t\">\n\t\t\t\t\t\t\t\t\t\t\t\t\t\t\t\t\t\t\t\t\t\t\t\t\t\t\t\t<a data-fancybox=\"gallery_fancybox_103\" href=\"https:\/\/www.sivakkalava.fi\/wp-content\/uploads\/2018\/10\/galleria4-1024x768.jpg\" title=\"\" >\n\t\t\t\t\t\t\t\t\t\t\t\t\t\t\t\t<img width=&quot;150&quot; height=&quot;150&quot; style=\"width:150px; height:150px; border-width: 6px; border-color:#F1F1F1;border: 6px solid #F1F1F1\" alt=\"\" title=\"\" src=\"https:\/\/www.sivakkalava.fi\/wp-content\/uploads\/2018\/10\/galleria4-150x150.jpg\" rel=\"https:\/\/www.sivakkalava.fi\/wp-content\/uploads\/2018\/10\/galleria4.jpg\" \/>\t\t\t\t\t\t\t\t\t\t\t\t\t\t\t<\/a>\n\t\t\t\t\t\t\t\t\t\t\t\t\t\t\t\t\t\t\t\t\t\t\t\t\t\t<\/p>\n\t\t\t\t\t\t\t\t\t\t\t\t\t\t\t\t\t\t\t\t\t\t\t<\/div><!-- .gllr_image_block -->\n\t\t\t\t\t\t\t\t\t\t\t\t\t\t\t\t\t\t\t\t\t<div class=\"gllr_image_block\">\n\t\t\t\t\t\t\t\t\t\t\t\t<p style=\"\n\t\t\t\t\t\t\t\t\t\t\t\twidth:162px;height:162px;\t\t\t\t\t\t\t\t\t\t\t\t\">\n\t\t\t\t\t\t\t\t\t\t\t\t\t\t\t\t\t\t\t\t\t\t\t\t\t\t\t\t<a data-fancybox=\"gallery_fancybox_103\" href=\"https:\/\/www.sivakkalava.fi\/wp-content\/uploads\/2018\/10\/galleria5.jpg\" title=\"\" >\n\t\t\t\t\t\t\t\t\t\t\t\t\t\t\t\t<img width=&quot;150&quot; height=&quot;150&quot; style=\"width:150px; height:150px; border-width: 6px; border-color:#F1F1F1;border: 6px solid #F1F1F1\" alt=\"\" title=\"\" src=\"https:\/\/www.sivakkalava.fi\/wp-content\/uploads\/2018\/10\/galleria5-150x150.jpg\" rel=\"https:\/\/www.sivakkalava.fi\/wp-content\/uploads\/2018\/10\/galleria5.jpg\" \/>\t\t\t\t\t\t\t\t\t\t\t\t\t\t\t<\/a>\n\t\t\t\t\t\t\t\t\t\t\t\t\t\t\t\t\t\t\t\t\t\t\t\t\t\t<\/p>\n\t\t\t\t\t\t\t\t\t\t\t\t\t\t\t\t\t\t\t\t\t\t\t<\/div><!-- .gllr_image_block -->\n\t\t\t\t\t\t\t\t\t\t\t\t\t\t\t\t\t\t\t\t\t<div class=\"clear\"><\/div>\n\t\t\t\t\t\t\t\t\t\t<\/div><!-- .gllr_image_row -->\n\t\t\t\t\t\t\t\t\t\t\t\t\t\t\t\t\t<\/div><!-- .gallery.clearfix -->\n\t\t\t\t\t\t\t\t\t\t\t\t\t\t<\/div><!-- .gallery_box_single -->\n\t\t\t\t\t\t<div class=\"gllr_clear\"><\/div>\n\t\t\t\t\t\t\n","protected":false},"excerpt":{"rendered":"<p>Tuotteet Uudet kuormalavat Sivakkalava Oy valmistaa, myy ja jakelee uusia kerta-, erikois- ja standardikuormalavoja. Valikoimastamme l\u00f6ytyv\u00e4t yleisimm\u00e4t teollisuuden ja kaupan k\u00e4ytt\u00e4m\u00e4t dimensiot sek\u00e4 asiakaskohtaiset tuotteet.\u00a0Lavat valmistetaan tehokkailla automaattilinjoilla Juankoskella.\u00a0Erikoislavalinjoiltamme valmistuu monipuolisia kuormalavoja pienist\u00e4 suuriin sarjoihin. IPPC \/ ISPM-15 -leimattuja kuormalavojamme voidaan k\u00e4ytt\u00e4\u00e4 vientilogistiikassa. Lis\u00e4tietoja kuormalavoista saat myynnist\u00e4mme. L\u00e4mp\u00f6k\u00e4sittelylupa\u00a0FI-54313 (PDF). Puupakkaustuotteet Valmistamme puu- ja vanerilaatikoita asiakkaan&#8230;<\/p>\n<p class=\"more-link\"><a href=\"https:\/\/www.sivakkalava.fi\/?bws-gallery=tuotteita\" class=\"themebutton3\">Read More<\/a><\/p>\n","protected":false},"author":1,"featured_media":123,"parent":0,"menu_order":0,"comment_status":"closed","ping_status":"closed","template":"","meta":[],"_links":{"self":[{"href":"https:\/\/www.sivakkalava.fi\/index.php?rest_route=\/wp\/v2\/pages\/8"}],"collection":[{"href":"https:\/\/www.sivakkalava.fi\/index.php?rest_route=\/wp\/v2\/pages"}],"about":[{"href":"https:\/\/www.sivakkalava.fi\/index.php?rest_route=\/wp\/v2\/types\/page"}],"author":[{"embeddable":true,"href":"https:\/\/www.sivakkalava.fi\/index.php?rest_route=\/wp\/v2\/users\/1"}],"replies":[{"embeddable":true,"href":"https:\/\/www.sivakkalava.fi\/index.php?rest_route=%2Fwp%2Fv2%2Fcomments&post=8"}],"version-history":[{"count":18,"href":"https:\/\/www.sivakkalava.fi\/index.php?rest_route=\/wp\/v2\/pages\/8\/revisions"}],"predecessor-version":[{"id":234,"href":"https:\/\/www.sivakkalava.fi\/index.php?rest_route=\/wp\/v2\/pages\/8\/revisions\/234"}],"wp:featuredmedia":[{"embeddable":true,"href":"https:\/\/www.sivakkalava.fi\/index.php?rest_route=\/wp\/v2\/media\/123"}],"wp:attachment":[{"href":"https:\/\/www.sivakkalava.fi\/index.php?rest_route=%2Fwp%2Fv2%2Fmedia&parent=8"}],"curies":[{"name":"wp","href":"https:\/\/api.w.org\/{rel}","templated":true}]}}